{"id":78,"date":"2026-01-22T03:36:22","date_gmt":"2026-01-22T03:36:22","guid":{"rendered":"http:\/\/poeme-musikfestival.de\/home\/"},"modified":"2026-03-23T10:04:37","modified_gmt":"2026-03-23T10:04:37","slug":"home","status":"publish","type":"page","link":"https:\/\/poeme-musikfestival.de\/de\/","title":{"rendered":"Elena Meyer"},"content":{"rendered":"<div style=\"height:100px\" aria-hidden=\"true\" class=\"wp-block-spacer uag-hide-mob\"><\/div>\n\n\n\n<figure class=\"wp-block-image alignfull size-large uag-hide-mob\"><img loading=\"lazy\" decoding=\"async\" width=\"1024\" height=\"17\" src=\"https:\/\/poeme-musikfestival.de\/wp-content\/uploads\/2026\/02\/green-1-1024x17.jpg\" alt=\"\" class=\"wp-image-1913\" srcset=\"https:\/\/poeme-musikfestival.de\/wp-content\/uploads\/2026\/02\/green-1-1024x17.jpg 1024w, https:\/\/poeme-musikfestival.de\/wp-content\/uploads\/2026\/02\/green-1-300x5.jpg 300w, https:\/\/poeme-musikfestival.de\/wp-content\/uploads\/2026\/02\/green-1-768x13.jpg 768w, https:\/\/poeme-musikfestival.de\/wp-content\/uploads\/2026\/02\/green-1-1536x25.jpg 1536w, https:\/\/poeme-musikfestival.de\/wp-content\/uploads\/2026\/02\/green-1-2048x34.jpg 2048w\" sizes=\"auto, (max-width: 1024px) 100vw, 1024px\" \/><\/figure>\n\n\n\n<div class=\"wp-block-group is-layout-constrained wp-block-group-is-layout-constrained\">\n<figure class=\"wp-block-image size-full\"><img loading=\"lazy\" decoding=\"async\" width=\"1920\" height=\"1080\" src=\"https:\/\/poeme-musikfestival.de\/wp-content\/uploads\/2026\/01\/widelogo.001.jpeg\" alt=\"\" class=\"wp-image-1845\" srcset=\"https:\/\/poeme-musikfestival.de\/wp-content\/uploads\/2026\/01\/widelogo.001.jpeg 1920w, https:\/\/poeme-musikfestival.de\/wp-content\/uploads\/2026\/01\/widelogo.001-300x169.jpeg 300w, https:\/\/poeme-musikfestival.de\/wp-content\/uploads\/2026\/01\/widelogo.001-1024x576.jpeg 1024w, https:\/\/poeme-musikfestival.de\/wp-content\/uploads\/2026\/01\/widelogo.001-768x432.jpeg 768w, https:\/\/poeme-musikfestival.de\/wp-content\/uploads\/2026\/01\/widelogo.001-1536x864.jpeg 1536w\" sizes=\"auto, (max-width: 1920px) 100vw, 1920px\" \/><\/figure>\n<\/div>\n\n\n\n<h2 class=\"wp-block-heading has-text-align-center has-ast-global-color-1-color has-text-color has-link-color wp-elements-cdbe27ef31f716367e5ad4fefc156082\" id=\"concerts\"><em><strong>Konzerte<\/strong><\/em><\/h2>\n\n\n\n<div class=\"wp-block-uagb-container uagb-block-2e694c29 alignfull uagb-is-root-container\"><div class=\"uagb-container-inner-blocks-wrap\">\n\t\t\t<div class=\"wp-block-uagb-post-carousel uagb-post-grid  uagb-post__image-position-top uagb-post__image-enabled uagb-block-00e77d92     uagb-post__arrow-outside uagb-post__items uagb-post__columns-3 is-carousel uagb-post__columns-tablet-2 uagb-post__columns-mobile-1 uagb-post__carousel_equal-height\" data-total=\"1\" style=\"\">\n\n\t\t\t\t\t\t\t\t\t\t\t\t<article class=\"uagb-post__inner-wrap\">\t\t\t\t\t\t\t\t<div class='uagb-post__image'>\n\t\t\t\t\t\t\t\t\t<a href=\"https:\/\/poeme-musikfestival.de\/de\/concert-7\/\" target=\"_self\" rel=\"bookmark noopener noreferrer\"><img loading=\"lazy\" decoding=\"async\" width=\"1024\" height=\"682\" src=\"https:\/\/poeme-musikfestival.de\/wp-content\/uploads\/2026\/02\/704618af-6b85-4f56-80cc-590b0cc7e701-1024x682.jpeg\" class=\"attachment-large size-large\" alt=\"\" srcset=\"https:\/\/poeme-musikfestival.de\/wp-content\/uploads\/2026\/02\/704618af-6b85-4f56-80cc-590b0cc7e701-1024x682.jpeg 1024w, https:\/\/poeme-musikfestival.de\/wp-content\/uploads\/2026\/02\/704618af-6b85-4f56-80cc-590b0cc7e701-300x200.jpeg 300w, https:\/\/poeme-musikfestival.de\/wp-content\/uploads\/2026\/02\/704618af-6b85-4f56-80cc-590b0cc7e701-768x512.jpeg 768w, https:\/\/poeme-musikfestival.de\/wp-content\/uploads\/2026\/02\/704618af-6b85-4f56-80cc-590b0cc7e701-1536x1023.jpeg 1536w, https:\/\/poeme-musikfestival.de\/wp-content\/uploads\/2026\/02\/704618af-6b85-4f56-80cc-590b0cc7e701-18x12.jpeg 18w, https:\/\/poeme-musikfestival.de\/wp-content\/uploads\/2026\/02\/704618af-6b85-4f56-80cc-590b0cc7e701.jpeg 1600w\" sizes=\"auto, (max-width: 1024px) 100vw, 1024px\" \/>\t\t\t\t\t<\/a>\n\t\t\t\t\t\t\t\t\t<\/div>\n\t\t\t\t\t\t<h4 class=\"uagb-post__title uagb-post__text\">\n\t\t\t\t<a href=\"https:\/\/poeme-musikfestival.de\/de\/concert-7\/\" target=\"_self\" rel=\"bookmark noopener noreferrer\">Er\u00f6ffnungskonzert: CONCERTINO Ensemble<\/a>\n\t\t\t<\/h4>\n\t\t\t\t\t\t<div class='uagb-post__text uagb-post-grid-byline'>\n\t\t\t\t\t\t\t<\/div>\n\t\t\t\t\t\t\t<div class='uagb-post__text uagb-post__excerpt'>\n\t\t\t\t\t&#8220;Vier Jahreszeiten im Dialog&#8221;\n11. April um 17 Uhr: Neue Kirche Emden Br\u00fcckstra\u00dfe&#8230;\t\t\t\t<\/div>\n\t\t\t\t\t\t<div class=\"uagb-post__text uagb-post__cta wp-block-button\">\n\t\t\t\t<a class=\"wp-block-button__link uagb-text-link\" style=\"\" href=\"https:\/\/poeme-musikfestival.de\/de\/concert-7\/\" target=\"_self\" rel=\"bookmark noopener noreferrer\">Tickets<\/a>\n\t\t\t<\/div>\n\t\t\t\n\t\t\t\t\t\t\t\t\t<\/article>\n\t\t\t\t\t\t\t\t\t\t\t\t\t\t\t\t<article class=\"uagb-post__inner-wrap\">\t\t\t\t\t\t\t\t<div class='uagb-post__image'>\n\t\t\t\t\t\t\t\t\t<a href=\"https:\/\/poeme-musikfestival.de\/de\/concert-4\/\" target=\"_self\" rel=\"bookmark noopener noreferrer\"><img loading=\"lazy\" decoding=\"async\" width=\"1024\" height=\"685\" src=\"https:\/\/poeme-musikfestival.de\/wp-content\/uploads\/2026\/01\/PHOTO-2026-02-15-03-31-09-1024x685.jpg\" class=\"attachment-large size-large\" alt=\"\" srcset=\"https:\/\/poeme-musikfestival.de\/wp-content\/uploads\/2026\/01\/PHOTO-2026-02-15-03-31-09-1024x685.jpg 1024w, https:\/\/poeme-musikfestival.de\/wp-content\/uploads\/2026\/01\/PHOTO-2026-02-15-03-31-09-300x201.jpg 300w, https:\/\/poeme-musikfestival.de\/wp-content\/uploads\/2026\/01\/PHOTO-2026-02-15-03-31-09-768x514.jpg 768w, https:\/\/poeme-musikfestival.de\/wp-content\/uploads\/2026\/01\/PHOTO-2026-02-15-03-31-09-1536x1028.jpg 1536w, https:\/\/poeme-musikfestival.de\/wp-content\/uploads\/2026\/01\/PHOTO-2026-02-15-03-31-09-18x12.jpg 18w, https:\/\/poeme-musikfestival.de\/wp-content\/uploads\/2026\/01\/PHOTO-2026-02-15-03-31-09.jpg 2048w\" sizes=\"auto, (max-width: 1024px) 100vw, 1024px\" \/>\t\t\t\t\t<\/a>\n\t\t\t\t\t\t\t\t\t<\/div>\n\t\t\t\t\t\t<h4 class=\"uagb-post__title uagb-post__text\">\n\t\t\t\t<a href=\"https:\/\/poeme-musikfestival.de\/de\/concert-4\/\" target=\"_self\" rel=\"bookmark noopener noreferrer\">Licht&amp;Klang<\/a>\n\t\t\t<\/h4>\n\t\t\t\t\t\t<div class='uagb-post__text uagb-post-grid-byline'>\n\t\t\t\t\t\t\t<\/div>\n\t\t\t\t\t\t\t<div class='uagb-post__text uagb-post__excerpt'>\n\t\t\t\t\t18. April um 20 Uhr in der Schweizer Kirche Emden \t\t\t\t<\/div>\n\t\t\t\t\t\t<div class=\"uagb-post__text uagb-post__cta wp-block-button\">\n\t\t\t\t<a class=\"wp-block-button__link uagb-text-link\" style=\"\" href=\"https:\/\/poeme-musikfestival.de\/de\/concert-4\/\" target=\"_self\" rel=\"bookmark noopener noreferrer\">Tickets<\/a>\n\t\t\t<\/div>\n\t\t\t\n\t\t\t\t\t\t\t\t\t<\/article>\n\t\t\t\t\t\t\t\t\t\t\t\t\t\t\t\t<article class=\"uagb-post__inner-wrap\">\t\t\t\t\t\t\t\t<div class='uagb-post__image'>\n\t\t\t\t\t\t\t\t\t<a href=\"https:\/\/poeme-musikfestival.de\/de\/concert-5\/\" target=\"_self\" rel=\"bookmark noopener noreferrer\"><img loading=\"lazy\" decoding=\"async\" width=\"1024\" height=\"683\" src=\"https:\/\/poeme-musikfestival.de\/wp-content\/uploads\/2026\/01\/Foto-Profunduo-1024x683.jpg\" class=\"attachment-large size-large\" alt=\"\" srcset=\"https:\/\/poeme-musikfestival.de\/wp-content\/uploads\/2026\/01\/Foto-Profunduo-1024x683.jpg 1024w, https:\/\/poeme-musikfestival.de\/wp-content\/uploads\/2026\/01\/Foto-Profunduo-300x200.jpg 300w, https:\/\/poeme-musikfestival.de\/wp-content\/uploads\/2026\/01\/Foto-Profunduo-768x512.jpg 768w, https:\/\/poeme-musikfestival.de\/wp-content\/uploads\/2026\/01\/Foto-Profunduo-18x12.jpg 18w, https:\/\/poeme-musikfestival.de\/wp-content\/uploads\/2026\/01\/Foto-Profunduo.jpg 1536w\" sizes=\"auto, (max-width: 1024px) 100vw, 1024px\" \/>\t\t\t\t\t<\/a>\n\t\t\t\t\t\t\t\t\t<\/div>\n\t\t\t\t\t\t<h4 class=\"uagb-post__title uagb-post__text\">\n\t\t\t\t<a href=\"https:\/\/poeme-musikfestival.de\/de\/concert-5\/\" target=\"_self\" rel=\"bookmark noopener noreferrer\">Profunduo<\/a>\n\t\t\t<\/h4>\n\t\t\t\t\t\t<div class='uagb-post__text uagb-post-grid-byline'>\n\t\t\t\t\t\t\t<\/div>\n\t\t\t\t\t\t\t<div class='uagb-post__text uagb-post__excerpt'>\n\t\t\t\t\t15. April 18:30 im &#8220;Rummel&#8221; im Ostfriesischen Landesmuseum \t\t\t\t<\/div>\n\t\t\t\t\t\t<div class=\"uagb-post__text uagb-post__cta wp-block-button\">\n\t\t\t\t<a class=\"wp-block-button__link uagb-text-link\" style=\"\" href=\"https:\/\/poeme-musikfestival.de\/de\/concert-5\/\" target=\"_self\" rel=\"bookmark noopener noreferrer\">Tickets<\/a>\n\t\t\t<\/div>\n\t\t\t\n\t\t\t\t\t\t\t\t\t<\/article>\n\t\t\t\t\t\t\t\t\t\t\t<\/div>\n\t\t\t<\/div><\/div>\n\n\n\n<hr class=\"wp-block-separator has-alpha-channel-opacity\"\/>\n\n\n\n<div style=\"height:56px\" aria-hidden=\"true\" class=\"wp-block-spacer\"><\/div>\n\n\n\n<h2 class=\"wp-block-heading has-text-align-center has-ast-global-color-1-color has-text-color has-link-color wp-elements-092e2ec57e9039d5cb8d1e8da630dedb\" id=\"founders\">Die Gr\u00fcnderinnen<\/h2>\n\n\n\n<div class=\"wp-block-uagb-container uag-hide-mob uagb-block-90e99d5f alignfull uagb-is-root-container\"><div class=\"uagb-container-inner-blocks-wrap\">\n<div class=\"wp-block-group is-layout-constrained wp-block-group-is-layout-constrained\"><h4 class=\"wp-block-post-title\">Elena Meyer<\/h4>\n\n\n<p>Violinistin\/Kammermusikerin<\/p>\n\n\n\n<div class=\"wp-block-buttons is-layout-flex wp-block-buttons-is-layout-flex\">\n<div class=\"wp-block-button\"><a class=\"wp-block-button__link wp-element-button\" href=\"http:\/\/poeme-musikfestival.de\/wp-content\/uploads\/2026\/02\/POEME-Elena-Meyer-Biography.pdf\" style=\"border-top-left-radius:5px;border-top-right-radius:5px;border-bottom-left-radius:5px;border-bottom-right-radius:5px\" target=\"_blank\" rel=\"noreferrer noopener\">Lebenslauf Elena Meyer<\/a><\/div>\n<\/div>\n\n\n\n<div style=\"height:100px\" aria-hidden=\"true\" class=\"wp-block-spacer\"><\/div>\n\n\n\n<h4 class=\"wp-block-heading\">Polina Munteanu<\/h4>\n\n\n\n<p>Violinistin\/Kammermusikerin\/Fotografin<\/p>\n\n\n\n<div class=\"wp-block-buttons is-layout-flex wp-block-buttons-is-layout-flex\">\n<div class=\"wp-block-button\"><a class=\"wp-block-button__link wp-element-button\" href=\"http:\/\/poeme-musikfestival.de\/wp-content\/uploads\/2026\/02\/POEME-Polina-Lebenslauf-Biography.pdf\" style=\"border-top-left-radius:5px;border-top-right-radius:5px;border-bottom-left-radius:5px;border-bottom-right-radius:5px\" target=\"_blank\" rel=\"noreferrer noopener\">Lebenslauf Polina Munteanu<\/a><\/div>\n<\/div>\n<\/div>\n\n\n\n<div class=\"wp-block-uagb-image uagb-block-832544ab wp-block-uagb-image--layout-default wp-block-uagb-image--effect-static wp-block-uagb-image--align-none\"><figure class=\"wp-block-uagb-image__figure\"><img decoding=\"async\" srcset=\"https:\/\/poeme-musikfestival.de\/wp-content\/uploads\/2026\/02\/4fe7ba86-8c58-4524-ae3d-6614b90f9927-edited.jpg ,https:\/\/poeme-musikfestival.de\/wp-content\/uploads\/2026\/02\/4fe7ba86-8c58-4524-ae3d-6614b90f9927.jpg 780w, https:\/\/poeme-musikfestival.de\/wp-content\/uploads\/2026\/02\/4fe7ba86-8c58-4524-ae3d-6614b90f9927.jpg 360w\" sizes=\"auto, (max-width: 480px) 150px\" src=\"https:\/\/poeme-musikfestival.de\/wp-content\/uploads\/2026\/02\/4fe7ba86-8c58-4524-ae3d-6614b90f9927-edited.jpg\" alt=\"\" class=\"uag-image-1909\" width=\"683\" height=\"800\" title=\"\" loading=\"lazy\" role=\"presentation\"\/><\/figure><\/div>\n<\/div><\/div>\n\n\n\n<div class=\"wp-block-uagb-container uag-hide-desktop uagb-block-96a87efe alignfull uagb-is-root-container\"><div class=\"uagb-container-inner-blocks-wrap\">\n<div class=\"wp-block-uagb-image uagb-block-39d822e3 wp-block-uagb-image--layout-default wp-block-uagb-image--effect-static wp-block-uagb-image--align-none\"><figure class=\"wp-block-uagb-image__figure\"><img decoding=\"async\" srcset=\"https:\/\/poeme-musikfestival.de\/wp-content\/uploads\/2026\/02\/4fe7ba86-8c58-4524-ae3d-6614b90f9927-edited.jpg ,https:\/\/poeme-musikfestival.de\/wp-content\/uploads\/2026\/02\/4fe7ba86-8c58-4524-ae3d-6614b90f9927.jpg 780w, https:\/\/poeme-musikfestival.de\/wp-content\/uploads\/2026\/02\/4fe7ba86-8c58-4524-ae3d-6614b90f9927-edited-225x300.jpg 360w\" sizes=\"auto, (max-width: 480px) 150px\" src=\"https:\/\/poeme-musikfestival.de\/wp-content\/uploads\/2026\/02\/4fe7ba86-8c58-4524-ae3d-6614b90f9927-edited.jpg\" alt=\"\" class=\"uag-image-1909\" width=\"683\" height=\"800\" title=\"\" loading=\"lazy\" role=\"presentation\"\/><\/figure><\/div>\n\n\n\n<div class=\"wp-block-group is-vertical is-layout-flex wp-container-core-group-is-layout-a18b1691 wp-block-group-is-layout-flex\" style=\"padding-top:0;padding-right:var(--wp--preset--spacing--50);padding-bottom:0;padding-left:var(--wp--preset--spacing--50)\">\n<h2 class=\"wp-block-heading\">Elena Meyer &#8211; <a href=\"http:\/\/poeme-musikfestival.de\/wp-content\/uploads\/2026\/02\/POEME-Elena-Meyer-Biography.pdf\" target=\"_blank\" rel=\"noopener\" title=\"bio\">bio<\/a><\/h2>\n\n\n\n<p>Violinistin\/Kammermusikerin<\/p>\n\n\n\n<div style=\"height:37px\" aria-hidden=\"true\" class=\"wp-block-spacer wp-container-content-8a91f07f\"><\/div>\n<\/div>\n\n\n\n<div class=\"wp-block-group is-vertical is-content-justification-right is-layout-flex wp-container-core-group-is-layout-80e64e61 wp-block-group-is-layout-flex\" style=\"padding-right:var(--wp--preset--spacing--50);padding-left:var(--wp--preset--spacing--50)\">\n<h2 class=\"wp-block-heading has-text-align-right\">Polina Munteanu &#8211; <a href=\"http:\/\/poeme-musikfestival.de\/wp-content\/uploads\/2026\/02\/POEME-Polina-Lebenslauf-Biography.pdf\" target=\"_blank\" rel=\"noopener\" title=\"bio\">bio<\/a><\/h2>\n\n\n\n<p class=\"has-text-align-right\">Violinistin\/Kammermusikerin\/Fotografin<\/p>\n<\/div>\n<\/div><\/div>\n\n\n\n<hr class=\"wp-block-separator has-alpha-channel-opacity uag-hide-desktop uag-hide-tab\"\/>\n\n\n\n<div style=\"height:56px\" aria-hidden=\"true\" class=\"wp-block-spacer uag-hide-desktop uag-hide-tab\"><\/div>\n\n\n\n<h2 class=\"wp-block-heading has-text-align-center has-ast-global-color-1-color has-text-color has-link-color wp-elements-f6c4eed93882f0940ff8cb58de4ed043\" id=\"concept\">\u00dcber das Festival<\/h2>\n\n\n\n<div class=\"wp-block-uagb-container uagb-block-0073d001 alignfull uagb-is-root-container\"><div class=\"uagb-container-inner-blocks-wrap\">\n<div class=\"wp-block-group is-nowrap is-layout-flex wp-container-core-group-is-layout-6c531013 wp-block-group-is-layout-flex\">\n<div class=\"wp-block-uagb-image uagb-block-5ef2b1f1 wp-block-uagb-image--layout-default wp-block-uagb-image--effect-static wp-block-uagb-image--align-none\"><figure class=\"wp-block-uagb-image__figure\"><img decoding=\"async\" srcset=\"https:\/\/poeme-musikfestival.de\/wp-content\/uploads\/2026\/02\/Foto-Poeme-683x1024.jpg ,https:\/\/poeme-musikfestival.de\/wp-content\/uploads\/2026\/02\/Foto-Poeme.jpg 780w, https:\/\/poeme-musikfestival.de\/wp-content\/uploads\/2026\/02\/Foto-Poeme.jpg 360w\" sizes=\"auto, (max-width: 480px) 150px\" src=\"https:\/\/poeme-musikfestival.de\/wp-content\/uploads\/2026\/02\/Foto-Poeme-683x1024.jpg\" alt=\"\" class=\"uag-image-1998\" width=\"530\" height=\"395\" title=\"Foto Poeme\" loading=\"lazy\" role=\"img\"\/><\/figure><\/div>\n\n\n\n<div class=\"wp-block-group is-layout-constrained wp-block-group-is-layout-constrained\">\n<p class=\"has-text-align-right\">Das Po\u00e8me Musikfestival feiert 2026 seine Premiere und bringt klassische Musik an besondere Orte: In drei thematisch unterschiedlichen Konzerten erleben Sie hochkar\u00e4tige Kammermusik in wechselnden Besetzungen &#8211; von Vivaldi bis zu zeitgen\u00f6ssischen Komponist*innen.<\/p>\n\n\n\n<p class=\"has-text-align-right\">Im Mittelpunkt stehen junge, aufstrebende K\u00fcnstler*innen, eine pers\u00f6nliche Konzertatmosph\u00e4re und der direkte Austausch mit dem Publikum. Erg\u00e4nzt wird das Programm durch regional gepr\u00e4gtes Catering in Zusammenarbeit mit lokalen Partnern.  <\/p>\n\n\n\n<div style=\"height:24px\" aria-hidden=\"true\" class=\"wp-block-spacer\"><\/div>\n\n\n\n<p class=\"has-text-align-right\">Ein zentrales Anliegen des Festival ist kulturelle Teilhabe: Alle Konzert finden nach dem &#8220;Pay what you can&#8221;-prinzip statt, Kinder under 14 Jahren haben freien Eintritt. <\/p>\n<\/div>\n<\/div>\n<\/div><\/div>\n\n\n\n<hr class=\"wp-block-separator has-alpha-channel-opacity uag-hide-desktop uag-hide-tab\"\/>\n\n\n\n<div style=\"height:56px\" aria-hidden=\"true\" class=\"wp-block-spacer uag-hide-desktop uag-hide-tab\"><\/div>\n\n\n\n<h2 class=\"wp-block-heading has-text-align-center has-ast-global-color-1-color has-text-color has-link-color wp-elements-3d11b3c128ee9c43d14d2b133b9c4107\" id=\"sponsors\"><em><strong>Unsere F\u00f6rderer<\/strong><\/em><\/h2>\n\n\n\n<div class=\"wp-block-columns is-layout-flex wp-container-core-columns-is-layout-28f84493 wp-block-columns-is-layout-flex\">\n<div class=\"wp-block-column is-vertically-aligned-center is-layout-flow wp-block-column-is-layout-flow\">\n<div class=\"wp-block-group is-vertical is-content-justification-center is-layout-flex wp-container-core-group-is-layout-ce155fab wp-block-group-is-layout-flex\">\n<figure class=\"wp-block-image size-large\"><img loading=\"lazy\" decoding=\"async\" width=\"1024\" height=\"683\" src=\"https:\/\/poeme-musikfestival.de\/wp-content\/uploads\/2026\/02\/sponsor3-1024x683.png\" alt=\"\" class=\"wp-image-2017\" srcset=\"https:\/\/poeme-musikfestival.de\/wp-content\/uploads\/2026\/02\/sponsor3-1024x683.png 1024w, https:\/\/poeme-musikfestival.de\/wp-content\/uploads\/2026\/02\/sponsor3-300x200.png 300w, https:\/\/poeme-musikfestival.de\/wp-content\/uploads\/2026\/02\/sponsor3-768x512.png 768w, https:\/\/poeme-musikfestival.de\/wp-content\/uploads\/2026\/02\/sponsor3-1536x1024.png 1536w, https:\/\/poeme-musikfestival.de\/wp-content\/uploads\/2026\/02\/sponsor3-2048x1365.png 2048w, https:\/\/poeme-musikfestival.de\/wp-content\/uploads\/2026\/02\/sponsor3-18x12.png 18w\" sizes=\"auto, (max-width: 1024px) 100vw, 1024px\" \/><\/figure>\n\n\n\n<p class=\"has-text-align-center\">Private Musikschule Der Musicus<\/p>\n<\/div>\n<\/div>\n\n\n\n<div class=\"wp-block-column is-vertically-aligned-center is-layout-flow wp-block-column-is-layout-flow\">\n<div class=\"wp-block-group is-vertical is-content-justification-center is-layout-flex wp-container-core-group-is-layout-ce155fab wp-block-group-is-layout-flex\">\n<figure class=\"wp-block-image size-full\"><img loading=\"lazy\" decoding=\"async\" width=\"945\" height=\"528\" src=\"https:\/\/poeme-musikfestival.de\/wp-content\/uploads\/2026\/02\/sponsor2.png\" alt=\"\" class=\"wp-image-2018\" srcset=\"https:\/\/poeme-musikfestival.de\/wp-content\/uploads\/2026\/02\/sponsor2.png 945w, https:\/\/poeme-musikfestival.de\/wp-content\/uploads\/2026\/02\/sponsor2-300x168.png 300w, https:\/\/poeme-musikfestival.de\/wp-content\/uploads\/2026\/02\/sponsor2-768x429.png 768w, https:\/\/poeme-musikfestival.de\/wp-content\/uploads\/2026\/02\/sponsor2-18x10.png 18w\" sizes=\"auto, (max-width: 945px) 100vw, 945px\" \/><\/figure>\n<\/div>\n\n\n\n<p class=\"has-text-align-center\">Sparkasse Emden<\/p>\n<\/div>\n\n\n\n<div class=\"wp-block-column is-vertically-aligned-center is-layout-flow wp-block-column-is-layout-flow\">\n<div class=\"wp-block-group is-vertical is-content-justification-center is-layout-flex wp-container-core-group-is-layout-b6c1f246 wp-block-group-is-layout-flex\">\n<figure class=\"wp-block-image size-large\"><img loading=\"lazy\" decoding=\"async\" width=\"1024\" height=\"196\" src=\"https:\/\/poeme-musikfestival.de\/wp-content\/uploads\/2026\/02\/sponsor1-1024x196.png\" alt=\"\" class=\"wp-image-2019\" srcset=\"https:\/\/poeme-musikfestival.de\/wp-content\/uploads\/2026\/02\/sponsor1-1024x196.png 1024w, https:\/\/poeme-musikfestival.de\/wp-content\/uploads\/2026\/02\/sponsor1-300x57.png 300w, https:\/\/poeme-musikfestival.de\/wp-content\/uploads\/2026\/02\/sponsor1-768x147.png 768w, https:\/\/poeme-musikfestival.de\/wp-content\/uploads\/2026\/02\/sponsor1-18x3.png 18w, https:\/\/poeme-musikfestival.de\/wp-content\/uploads\/2026\/02\/sponsor1.png 1075w\" sizes=\"auto, (max-width: 1024px) 100vw, 1024px\" \/><\/figure>\n<\/div>\n\n\n\n<p class=\"has-text-align-center\">Unser Veranstalter<\/p>\n<\/div>\n\n\n\n<div class=\"wp-block-column is-vertically-aligned-center is-layout-flow wp-block-column-is-layout-flow\">\n<div class=\"wp-block-group is-vertical is-content-justification-center is-layout-flex wp-container-core-group-is-layout-b6c1f246 wp-block-group-is-layout-flex\">\n<figure class=\"wp-block-image size-large\"><img loading=\"lazy\" decoding=\"async\" width=\"1024\" height=\"949\" src=\"https:\/\/poeme-musikfestival.de\/wp-content\/uploads\/2026\/03\/klausmartina-1024x949.jpg\" alt=\"\" class=\"wp-image-2032\" srcset=\"https:\/\/poeme-musikfestival.de\/wp-content\/uploads\/2026\/03\/klausmartina-1024x949.jpg 1024w, https:\/\/poeme-musikfestival.de\/wp-content\/uploads\/2026\/03\/klausmartina-300x278.jpg 300w, https:\/\/poeme-musikfestival.de\/wp-content\/uploads\/2026\/03\/klausmartina-768x712.jpg 768w, https:\/\/poeme-musikfestival.de\/wp-content\/uploads\/2026\/03\/klausmartina-1536x1424.jpg 1536w, https:\/\/poeme-musikfestival.de\/wp-content\/uploads\/2026\/03\/klausmartina-2048x1898.jpg 2048w, https:\/\/poeme-musikfestival.de\/wp-content\/uploads\/2026\/03\/klausmartina-13x12.jpg 13w\" sizes=\"auto, (max-width: 1024px) 100vw, 1024px\" \/><\/figure>\n<\/div>\n\n\n\n<p class=\"has-text-align-center\">Klaus Schoo &amp; Martina Hoffmann<\/p>\n<\/div>\n<\/div>\n\n\n\n<p><\/p>","protected":false},"excerpt":{"rendered":"<p>Konzerte Die Gr\u00fcnderinnen Violinistin\/Kammermusikerin Polina Munteanu Violinistin\/Kammermusikerin\/Fotografin Elena Meyer &#8211; bio Violinistin\/Kammermusikerin Polina Munteanu &#8211; bio Violinistin\/Kammermusikerin\/Fotografin \u00dcber das Festival Das Po\u00e8me Musikfestival feiert 2026 seine Premiere und bringt klassische Musik an besondere Orte: In drei thematisch unterschiedlichen Konzerten erleben Sie hochkar\u00e4tige Kammermusik in wechselnden Besetzungen &#8211; von Vivaldi bis zu zeitgen\u00f6ssischen Komponist*innen. Im Mittelpunkt [&hellip;]<\/p>","protected":false},"author":1,"featured_media":0,"parent":0,"menu_order":0,"comment_status":"closed","ping_status":"closed","template":"","meta":{"_uag_custom_page_level_css":"","site-sidebar-layout":"default","site-content-layout":"page-builder","ast-site-content-layout":"full-width-container","site-content-style":"unboxed","site-sidebar-style":"unboxed","ast-global-header-display":"","ast-banner-title-visibility":"","ast-main-header-display":"","ast-hfb-above-header-display":"","ast-hfb-below-header-display":"","ast-hfb-mobile-header-display":"","site-post-title":"disabled","ast-breadcrumbs-content":"","ast-featured-img":"","footer-sml-layout":"","ast-disable-related-posts":"","theme-transparent-header-meta":"enabled","adv-header-id-meta":"","stick-header-meta":"","header-above-stick-meta":"","header-main-stick-meta":"","header-below-stick-meta":"","astra-migrate-meta-layouts":"set","ast-page-background-enabled":"default","ast-page-background-meta":{"desktop":{"background-color":"var(--ast-global-color-4)","background-image":"","background-repeat":"repeat","background-position":"center center","background-size":"auto","background-attachment":"scroll","background-type":"","background-media":"","overlay-type":"","overlay-color":"","overlay-opacity":"","overlay-gradient":""},"tablet":{"background-color":"","background-image":"","background-repeat":"repeat","background-position":"center center","background-size":"auto","background-attachment":"scroll","background-type":"","background-media":"","overlay-type":"","overlay-color":"","overlay-opacity":"","overlay-gradient":""},"mobile":{"background-color":"","background-image":"","background-repeat":"repeat","background-position":"center center","background-size":"auto","background-attachment":"scroll","background-type":"","background-media":"","overlay-type":"","overlay-color":"","overlay-opacity":"","overlay-gradient":""}},"ast-content-background-meta":{"desktop":{"background-color":"var(--ast-global-color-5)","background-image":"","background-repeat":"repeat","background-position":"center center","background-size":"auto","background-attachment":"scroll","background-type":"","background-media":"","overlay-type":"","overlay-color":"","overlay-opacity":"","overlay-gradient":""},"tablet":{"background-color":"var(--ast-global-color-5)","background-image":"","background-repeat":"repeat","background-position":"center center","background-size":"auto","background-attachment":"scroll","background-type":"","background-media":"","overlay-type":"","overlay-color":"","overlay-opacity":"","overlay-gradient":""},"mobile":{"background-color":"var(--ast-global-color-5)","background-image":"","background-repeat":"repeat","background-position":"center center","background-size":"auto","background-attachment":"scroll","background-type":"","background-media":"","overlay-type":"","overlay-color":"","overlay-opacity":"","overlay-gradient":""}},"footnotes":""},"class_list":["post-78","page","type-page","status-publish","hentry"],"aioseo_notices":[],"_hostinger_reach_plugin_has_subscription_block":false,"_hostinger_reach_plugin_is_elementor":false,"uagb_featured_image_src":{"full":false,"thumbnail":false,"medium":false,"medium_large":false,"large":false,"1536x1536":false,"2048x2048":false,"trp-custom-language-flag":false,"smart-post-landscape":false,"smart-post-portrait":false},"uagb_author_info":{"display_name":"Po\u00e8me Musikfestival","author_link":"https:\/\/poeme-musikfestival.de\/de\/author\/violin-elenaewe-net\/"},"uagb_comment_info":0,"uagb_excerpt":"Konzerte Die Gr\u00fcnderinnen Violinistin\/Kammermusikerin Polina Munteanu Violinistin\/Kammermusikerin\/Fotografin Elena Meyer &#8211; bio Violinistin\/Kammermusikerin Polina Munteanu &#8211; bio Violinistin\/Kammermusikerin\/Fotografin \u00dcber das Festival Das Po\u00e8me Musikfestival feiert 2026 seine Premiere und bringt klassische Musik an besondere Orte: In drei thematisch unterschiedlichen Konzerten erleben Sie hochkar\u00e4tige Kammermusik in wechselnden Besetzungen &#8211; von Vivaldi bis zu zeitgen\u00f6ssischen Komponist*innen. Im Mittelpunkt&hellip;","_links":{"self":[{"href":"https:\/\/poeme-musikfestival.de\/de\/wp-json\/wp\/v2\/pages\/78","targetHints":{"allow":["GET"]}}],"collection":[{"href":"https:\/\/poeme-musikfestival.de\/de\/wp-json\/wp\/v2\/pages"}],"about":[{"href":"https:\/\/poeme-musikfestival.de\/de\/wp-json\/wp\/v2\/types\/page"}],"author":[{"embeddable":true,"href":"https:\/\/poeme-musikfestival.de\/de\/wp-json\/wp\/v2\/users\/1"}],"replies":[{"embeddable":true,"href":"https:\/\/poeme-musikfestival.de\/de\/wp-json\/wp\/v2\/comments?post=78"}],"version-history":[{"count":50,"href":"https:\/\/poeme-musikfestival.de\/de\/wp-json\/wp\/v2\/pages\/78\/revisions"}],"predecessor-version":[{"id":2033,"href":"https:\/\/poeme-musikfestival.de\/de\/wp-json\/wp\/v2\/pages\/78\/revisions\/2033"}],"wp:attachment":[{"href":"https:\/\/poeme-musikfestival.de\/de\/wp-json\/wp\/v2\/media?parent=78"}],"curies":[{"name":"wp","href":"https:\/\/api.w.org\/{rel}","templated":true}]}}